{"id":5,"date":"2014-04-16T18:57:17","date_gmt":"2014-04-16T18:57:17","guid":{"rendered":"http:\/\/s198833962.onlinehome.us\/julesmccue\/?page_id=5"},"modified":"2018-02-06T00:21:29","modified_gmt":"2018-02-06T00:21:29","slug":"latest-work","status":"publish","type":"page","link":"http:\/\/julesmccue.com\/?page_id=5","title":{"rendered":"Marfa Texas: The Hairy Man from the East,  2011 &#8211; 2014 [Exhibition]"},"content":{"rendered":"<p>&nbsp;<\/p>\n<p>Unsold paintings still available: Jules McCue Phone: 0406664181<\/p>\n<p><a href=\"http:\/\/s198833962.onlinehome.us\/julesmccue\/wp-content\/uploads\/2014\/04\/1.-Adhocism.jpg\"><img loading=\"lazy\" decoding=\"async\" class=\"alignnone size-medium wp-image-46\" src=\"http:\/\/s198833962.onlinehome.us\/julesmccue\/wp-content\/uploads\/2014\/04\/1.-Adhocism-300x298.jpg\" alt=\"1. Adhocism\" width=\"300\" height=\"298\" srcset=\"http:\/\/julesmccue.com\/wp-content\/uploads\/2014\/04\/1.-Adhocism-300x298.jpg 300w, http:\/\/julesmccue.com\/wp-content\/uploads\/2014\/04\/1.-Adhocism-150x150.jpg 150w, http:\/\/julesmccue.com\/wp-content\/uploads\/2014\/04\/1.-Adhocism-904x900.jpg 904w, http:\/\/julesmccue.com\/wp-content\/uploads\/2014\/04\/1.-Adhocism.jpg 968w\" sizes=\"auto, (max-width: 300px) 100vw, 300px\" \/><\/a><\/p>\n<ol>\n<li><strong>Adhocism<\/strong><\/li>\n<\/ol>\n<p><em>Even the mountaineer came back from the mountain, from sand, sea, the mineral world, water, empty-handed,<\/em><\/p>\n<p><em>\u00a0<\/em><em>Aun aquel que volvi\u00f3 del monte, de la arena, del mar, del mineral, del agua, con las manos vac\u00edas, [1]<\/em><\/p>\n<p>&nbsp;<\/p>\n<p><a href=\"http:\/\/s198833962.onlinehome.us\/julesmccue\/wp-content\/uploads\/2014\/04\/2.-Adobe-.jpg\"><img loading=\"lazy\" decoding=\"async\" class=\"alignnone size-medium wp-image-47\" src=\"http:\/\/s198833962.onlinehome.us\/julesmccue\/wp-content\/uploads\/2014\/04\/2.-Adobe--297x300.jpg\" alt=\"2. Adobe\" width=\"297\" height=\"300\" srcset=\"http:\/\/julesmccue.com\/wp-content\/uploads\/2014\/04\/2.-Adobe--297x300.jpg 297w, http:\/\/julesmccue.com\/wp-content\/uploads\/2014\/04\/2.-Adobe--895x904.jpg 895w, http:\/\/julesmccue.com\/wp-content\/uploads\/2014\/04\/2.-Adobe-.jpg 914w\" sizes=\"auto, (max-width: 297px) 100vw, 297px\" \/><\/a><\/p>\n<p><strong>2. Adobe<\/strong><\/p>\n<p>&nbsp;<\/p>\n<p><em>What can I say without touching the earth with my hands?<\/em><\/p>\n<p><em>Que podia decir sin tocca sierra? \u00a0<\/em>[2]<\/p>\n<p>&nbsp;<\/p>\n<p><a href=\"http:\/\/s198833962.onlinehome.us\/julesmccue\/wp-content\/uploads\/2014\/04\/3.-Ancona-.jpg\"><img loading=\"lazy\" decoding=\"async\" class=\"alignnone size-medium wp-image-48\" src=\"http:\/\/s198833962.onlinehome.us\/julesmccue\/wp-content\/uploads\/2014\/04\/3.-Ancona--297x300.jpg\" alt=\"3. Ancona\" width=\"297\" height=\"300\" srcset=\"http:\/\/julesmccue.com\/wp-content\/uploads\/2014\/04\/3.-Ancona--297x300.jpg 297w, http:\/\/julesmccue.com\/wp-content\/uploads\/2014\/04\/3.-Ancona--897x904.jpg 897w, http:\/\/julesmccue.com\/wp-content\/uploads\/2014\/04\/3.-Ancona-.jpg 918w\" sizes=\"auto, (max-width: 297px) 100vw, 297px\" \/><\/a><\/p>\n<p><strong>\u00a0 3. \u00a0Ancona<\/strong><\/p>\n<p><em>even the bellringer moving the sky on a cord, fell from the church through the dark of the graveyard;<\/em><\/p>\n<p><em>o aun el campanero que al mover en la cuerda el firmamento<\/em><em>cayo de las iglesias hacia la oscuridad y el cementerio; <\/em>[1]<\/p>\n<p>&nbsp;<\/p>\n<p>&nbsp;<\/p>\n<p><a href=\"http:\/\/s198833962.onlinehome.us\/julesmccue\/wp-content\/uploads\/2014\/04\/4.-Retablo-.jpg\"><img loading=\"lazy\" decoding=\"async\" class=\"alignnone size-medium wp-image-49\" src=\"http:\/\/s198833962.onlinehome.us\/julesmccue\/wp-content\/uploads\/2014\/04\/4.-Retablo--300x300.jpg\" alt=\"4. Retablo\" width=\"300\" height=\"300\" srcset=\"http:\/\/julesmccue.com\/wp-content\/uploads\/2014\/04\/4.-Retablo--300x300.jpg 300w, http:\/\/julesmccue.com\/wp-content\/uploads\/2014\/04\/4.-Retablo--150x150.jpg 150w, http:\/\/julesmccue.com\/wp-content\/uploads\/2014\/04\/4.-Retablo--904x901.jpg 904w, http:\/\/julesmccue.com\/wp-content\/uploads\/2014\/04\/4.-Retablo-.jpg 919w\" sizes=\"auto, (max-width: 300px) 100vw, 300px\" \/><\/a><\/p>\n<ol start=\"4\">\n<li><strong>Retablo<\/strong><\/li>\n<\/ol>\n<p><em>And I pray that my eyes never shut, even for death: I who need all my vision to learn,<\/em><\/p>\n<p><em>\u00a0<\/em><em>No me cierren los ojos aun despu\u00e9s de muerto, los necesitare aun para aprender,<\/em> [3]<\/p>\n<p>&nbsp;<\/p>\n<p>&nbsp;<\/p>\n<p><a href=\"http:\/\/s198833962.onlinehome.us\/julesmccue\/wp-content\/uploads\/2014\/04\/5.-Barbican-.jpg\"><img loading=\"lazy\" decoding=\"async\" class=\"alignnone size-medium wp-image-50\" src=\"http:\/\/s198833962.onlinehome.us\/julesmccue\/wp-content\/uploads\/2014\/04\/5.-Barbican--300x297.jpg\" alt=\"5. Barbican\" width=\"300\" height=\"297\" srcset=\"http:\/\/julesmccue.com\/wp-content\/uploads\/2014\/04\/5.-Barbican--300x297.jpg 300w, http:\/\/julesmccue.com\/wp-content\/uploads\/2014\/04\/5.-Barbican--150x150.jpg 150w, http:\/\/julesmccue.com\/wp-content\/uploads\/2014\/04\/5.-Barbican--904x897.jpg 904w, http:\/\/julesmccue.com\/wp-content\/uploads\/2014\/04\/5.-Barbican-.jpg 948w\" sizes=\"auto, (max-width: 300px) 100vw, 300px\" \/><\/a><\/p>\n<p><strong>5. Barbican<\/strong><\/p>\n<p><em>Traveller, beware: keep a curious eye on the glooms of the highway, the mysteries crowding the walls.<\/em><\/p>\n<p><em>\u00a0<\/em><em>Por eso, viajero, cuidado con las tristezas del camino, con los misterios en los<\/em><em>muros. <\/em>[4]<\/p>\n<p>&nbsp;<\/p>\n<p>&nbsp;<\/p>\n<p><a href=\"http:\/\/s198833962.onlinehome.us\/julesmccue\/wp-content\/uploads\/2014\/04\/6.-Predella-.jpg\"><img loading=\"lazy\" decoding=\"async\" class=\"alignnone size-medium wp-image-51\" src=\"http:\/\/s198833962.onlinehome.us\/julesmccue\/wp-content\/uploads\/2014\/04\/6.-Predella--300x300.jpg\" alt=\"6. Predella\" width=\"300\" height=\"300\" srcset=\"http:\/\/julesmccue.com\/wp-content\/uploads\/2014\/04\/6.-Predella--300x300.jpg 300w, http:\/\/julesmccue.com\/wp-content\/uploads\/2014\/04\/6.-Predella--150x150.jpg 150w, http:\/\/julesmccue.com\/wp-content\/uploads\/2014\/04\/6.-Predella--904x904.jpg 904w, http:\/\/julesmccue.com\/wp-content\/uploads\/2014\/04\/6.-Predella-.jpg 952w\" sizes=\"auto, (max-width: 300px) 100vw, 300px\" \/><\/a><\/p>\n<p><strong>6. Predella<\/strong><\/p>\n<p><em>Ask me where have I been and I\u2019ll tell you: \u201cThings keep happening.\u201d<\/em><\/p>\n<p><em>\u00a0<\/em><em>Si me pregunt\u00e1is en donde he estado debo<\/em><em>decir \u00ab\u00a0Sucede\u00bb.<\/em> [5]<\/p>\n<p>&nbsp;<\/p>\n<p>&nbsp;<\/p>\n<p>&nbsp;<\/p>\n<p><a href=\"http:\/\/s198833962.onlinehome.us\/julesmccue\/wp-content\/uploads\/2014\/04\/7.-Caravanserai-.jpg\"><img loading=\"lazy\" decoding=\"async\" class=\"alignnone size-medium wp-image-52\" src=\"http:\/\/s198833962.onlinehome.us\/julesmccue\/wp-content\/uploads\/2014\/04\/7.-Caravanserai--300x300.jpg\" alt=\"7. Caravanserai\" width=\"300\" height=\"300\" srcset=\"http:\/\/julesmccue.com\/wp-content\/uploads\/2014\/04\/7.-Caravanserai--300x300.jpg 300w, http:\/\/julesmccue.com\/wp-content\/uploads\/2014\/04\/7.-Caravanserai--150x150.jpg 150w, http:\/\/julesmccue.com\/wp-content\/uploads\/2014\/04\/7.-Caravanserai-.jpg 883w\" sizes=\"auto, (max-width: 300px) 100vw, 300px\" \/><\/a><\/p>\n<p>7.\u00a0<strong>Caravanserai<\/strong><\/p>\n<p><em>I am glad to have come from such faraway country: . . . never dreaming of permanence, intent on my vagrant humanity, to live and unleaf like tree.<\/em><\/p>\n<p><em>estoy elegre de venir de tan lejos, de tan tierra: . . .sin esperanza de permanecer, decidido al humano transitorio, destinado a vivir y deshojarse<\/em>. [6]<\/p>\n<p><strong>SOLD<\/strong><\/p>\n<p>&nbsp;<\/p>\n<p><a href=\"http:\/\/s198833962.onlinehome.us\/julesmccue\/wp-content\/uploads\/2014\/04\/8.-Bozzetto-.jpg\"><img loading=\"lazy\" decoding=\"async\" class=\"alignnone size-medium wp-image-53\" src=\"http:\/\/s198833962.onlinehome.us\/julesmccue\/wp-content\/uploads\/2014\/04\/8.-Bozzetto--297x300.jpg\" alt=\"8. Bozzetto\" width=\"297\" height=\"300\" srcset=\"http:\/\/julesmccue.com\/wp-content\/uploads\/2014\/04\/8.-Bozzetto--297x300.jpg 297w, http:\/\/julesmccue.com\/wp-content\/uploads\/2014\/04\/8.-Bozzetto--895x904.jpg 895w, http:\/\/julesmccue.com\/wp-content\/uploads\/2014\/04\/8.-Bozzetto-.jpg 926w\" sizes=\"auto, (max-width: 297px) 100vw, 297px\" \/><\/a><\/p>\n<p>8.<strong>Bozzetto<\/strong><\/p>\n<p><em>O fated to dark perpetuity, to singular being\u2014imageless granite, matter made perfect, irreducible, cold.<\/em><\/p>\n<p><em>Ah ese destino de la perpetuidad oscurecida, del propio ser &#8212;granito sin estatua, materia pura, irreductible, fr\u00eda<\/em>: [6]<\/p>\n<p><strong>SOLD<\/strong><\/p>\n<p>&nbsp;<\/p>\n<p>&nbsp;<\/p>\n<p><a href=\"http:\/\/s198833962.onlinehome.us\/julesmccue\/wp-content\/uploads\/2014\/04\/9.-Durbar-.jpg\"><img loading=\"lazy\" decoding=\"async\" class=\"alignnone size-medium wp-image-54\" src=\"http:\/\/s198833962.onlinehome.us\/julesmccue\/wp-content\/uploads\/2014\/04\/9.-Durbar--298x300.jpg\" alt=\"9. Durbar\" width=\"298\" height=\"300\" srcset=\"http:\/\/julesmccue.com\/wp-content\/uploads\/2014\/04\/9.-Durbar--298x300.jpg 298w, http:\/\/julesmccue.com\/wp-content\/uploads\/2014\/04\/9.-Durbar--150x150.jpg 150w, http:\/\/julesmccue.com\/wp-content\/uploads\/2014\/04\/9.-Durbar--899x904.jpg 899w, http:\/\/julesmccue.com\/wp-content\/uploads\/2014\/04\/9.-Durbar-.jpg 941w\" sizes=\"auto, (max-width: 298px) 100vw, 298px\" \/><\/a><\/p>\n<p>9.\u00a0<strong>Durbar<\/strong><\/p>\n<p><em>Among vanishing bodies, I alone sat down in the motionless train.<\/em><\/p>\n<p><em>\u00a0<\/em><em>Entre los cuerpos que partieron me sent\u00e9 solo en el tren inm\u00f3vil. <\/em>[7]<\/p>\n<p><strong>SOLD<\/strong><\/p>\n<p>&nbsp;<\/p>\n<p>&nbsp;<\/p>\n<p><a href=\"http:\/\/s198833962.onlinehome.us\/julesmccue\/wp-content\/uploads\/2014\/04\/10.-Reliquary-.jpg\"><img loading=\"lazy\" decoding=\"async\" class=\"alignnone size-medium wp-image-55\" src=\"http:\/\/s198833962.onlinehome.us\/julesmccue\/wp-content\/uploads\/2014\/04\/10.-Reliquary--300x300.jpg\" alt=\"10. Reliquary\" width=\"300\" height=\"300\" srcset=\"http:\/\/julesmccue.com\/wp-content\/uploads\/2014\/04\/10.-Reliquary--300x300.jpg 300w, http:\/\/julesmccue.com\/wp-content\/uploads\/2014\/04\/10.-Reliquary--150x150.jpg 150w, http:\/\/julesmccue.com\/wp-content\/uploads\/2014\/04\/10.-Reliquary--902x904.jpg 902w, http:\/\/julesmccue.com\/wp-content\/uploads\/2014\/04\/10.-Reliquary-.jpg 923w\" sizes=\"auto, (max-width: 300px) 100vw, 300px\" \/><\/a><\/p>\n<p>10.\u00a0<strong>Reliquary<\/strong><\/p>\n<p><em>At dawn, I stumbled inside, looking for secrets, things lost in the coaches,<\/em><\/p>\n<p><em>Entre titubeando en la aurora: anduve buscando secretos, cosas\u00a0 perdidas en los vagones, <\/em>[7]<\/p>\n<p><strong>SOLD<\/strong><\/p>\n<p>&nbsp;<\/p>\n<p>&nbsp;<\/p>\n<p><a href=\"http:\/\/s198833962.onlinehome.us\/julesmccue\/wp-content\/uploads\/2014\/04\/11.-Enfilade-.jpg\"><img loading=\"lazy\" decoding=\"async\" class=\"alignnone size-medium wp-image-56\" src=\"http:\/\/s198833962.onlinehome.us\/julesmccue\/wp-content\/uploads\/2014\/04\/11.-Enfilade--300x289.jpg\" alt=\"11. Enfilade\" width=\"300\" height=\"289\" srcset=\"http:\/\/julesmccue.com\/wp-content\/uploads\/2014\/04\/11.-Enfilade--300x289.jpg 300w, http:\/\/julesmccue.com\/wp-content\/uploads\/2014\/04\/11.-Enfilade--904x873.jpg 904w, http:\/\/julesmccue.com\/wp-content\/uploads\/2014\/04\/11.-Enfilade-.jpg 956w\" sizes=\"auto, (max-width: 300px) 100vw, 300px\" \/><\/a><\/p>\n<p>11.\u00a0<strong>Enfilade<\/strong><\/p>\n<p><em>I am glad of the great obligations I imposed on myself.<\/em><\/p>\n<p><em>\u00a0<\/em><em>Estoy contento con tantos\u00a0 deberes que me impuse, en mi vida [8]<\/em><\/p>\n<p>&nbsp;<\/p>\n<p>&nbsp;<\/p>\n<p><a href=\"http:\/\/s198833962.onlinehome.us\/julesmccue\/wp-content\/uploads\/2014\/04\/12.-Propylaeum-.jpg\"><img loading=\"lazy\" decoding=\"async\" class=\"alignnone size-medium wp-image-57\" src=\"http:\/\/s198833962.onlinehome.us\/julesmccue\/wp-content\/uploads\/2014\/04\/12.-Propylaeum--297x300.jpg\" alt=\"12. Propylaeum\" width=\"297\" height=\"300\" srcset=\"http:\/\/julesmccue.com\/wp-content\/uploads\/2014\/04\/12.-Propylaeum--297x300.jpg 297w, http:\/\/julesmccue.com\/wp-content\/uploads\/2014\/04\/12.-Propylaeum--897x904.jpg 897w, http:\/\/julesmccue.com\/wp-content\/uploads\/2014\/04\/12.-Propylaeum-.jpg 900w\" sizes=\"auto, (max-width: 297px) 100vw, 297px\" \/><\/a><\/p>\n<p>12.\u00a0<strong>Propylaeum<\/strong><\/p>\n<p><em>In my life many strange and material things have crowded together\u2014<\/em><\/p>\n<p><em>\u00a0<\/em><em>En mi vida se amasaron extra\u00f1os materiales<\/em>: [8]<\/p>\n<p>&nbsp;<\/p>\n<p>&nbsp;<\/p>\n<p><a href=\"http:\/\/s198833962.onlinehome.us\/julesmccue\/wp-content\/uploads\/2014\/04\/13.-Fictile-.jpg\"><img loading=\"lazy\" decoding=\"async\" class=\"alignnone size-medium wp-image-58\" src=\"http:\/\/s198833962.onlinehome.us\/julesmccue\/wp-content\/uploads\/2014\/04\/13.-Fictile--298x300.jpg\" alt=\"13. Fictile\" width=\"298\" height=\"300\" srcset=\"http:\/\/julesmccue.com\/wp-content\/uploads\/2014\/04\/13.-Fictile--298x300.jpg 298w, http:\/\/julesmccue.com\/wp-content\/uploads\/2014\/04\/13.-Fictile--150x150.jpg 150w, http:\/\/julesmccue.com\/wp-content\/uploads\/2014\/04\/13.-Fictile--899x904.jpg 899w, http:\/\/julesmccue.com\/wp-content\/uploads\/2014\/04\/13.-Fictile-.jpg 959w\" sizes=\"auto, (max-width: 298px) 100vw, 298px\" \/><\/a><\/p>\n<p>13.\u00a0<strong>Fictile<\/strong><\/p>\n<p><em>the breaker of horses came back unhorsed, broken by death in a box;<\/em><\/p>\n<p><em>\u00a0<\/em><em>aun el domador que volvi\u00f3 del caballo en un caj\u00f3n, quebrado y fallecido; <\/em>[1]<\/p>\n<p>&nbsp;<\/p>\n<p>&nbsp;<\/p>\n<p><a href=\"http:\/\/s198833962.onlinehome.us\/julesmccue\/wp-content\/uploads\/2014\/04\/14.-Oubliette-.jpg\"><img loading=\"lazy\" decoding=\"async\" class=\"alignnone size-medium wp-image-59\" src=\"http:\/\/s198833962.onlinehome.us\/julesmccue\/wp-content\/uploads\/2014\/04\/14.-Oubliette--298x300.jpg\" alt=\"14. Oubliette\" width=\"298\" height=\"300\" srcset=\"http:\/\/julesmccue.com\/wp-content\/uploads\/2014\/04\/14.-Oubliette--298x300.jpg 298w, http:\/\/julesmccue.com\/wp-content\/uploads\/2014\/04\/14.-Oubliette--150x150.jpg 150w, http:\/\/julesmccue.com\/wp-content\/uploads\/2014\/04\/14.-Oubliette--899x904.jpg 899w, http:\/\/julesmccue.com\/wp-content\/uploads\/2014\/04\/14.-Oubliette-.jpg 949w\" sizes=\"auto, (max-width: 298px) 100vw, 298px\" \/><\/a><\/p>\n<p>14.\u00a0<strong>Oubliette<\/strong><\/p>\n<p><em>because the hand\u2019s work is a destiny and life shapes itself to their scars.<\/em><\/p>\n<p><em>\u00a0<\/em><em>porque hacer fue el destino<\/em> de las manos y en cada cicatriz cabe la vida. [1]<\/p>\n<p>&nbsp;<\/p>\n<p>&nbsp;<\/p>\n<p><a href=\"http:\/\/s198833962.onlinehome.us\/julesmccue\/wp-content\/uploads\/2014\/04\/15-Chantry.jpg\"><img loading=\"lazy\" decoding=\"async\" class=\"alignnone size-medium wp-image-60\" src=\"http:\/\/s198833962.onlinehome.us\/julesmccue\/wp-content\/uploads\/2014\/04\/15-Chantry-298x300.jpg\" alt=\"15 Chantry\" width=\"298\" height=\"300\" srcset=\"http:\/\/julesmccue.com\/wp-content\/uploads\/2014\/04\/15-Chantry-298x300.jpg 298w, http:\/\/julesmccue.com\/wp-content\/uploads\/2014\/04\/15-Chantry-150x150.jpg 150w, http:\/\/julesmccue.com\/wp-content\/uploads\/2014\/04\/15-Chantry.jpg 746w\" sizes=\"auto, (max-width: 298px) 100vw, 298px\" \/><\/a><\/p>\n<p>15.\u00a0<strong>Chantry<\/strong><\/p>\n<p><em>and I in the train, a dead smoke among improvident spirits, bent under the burden of so many deaths, felt lost in a journey in which nothing else moved but my own way-worn heart.<\/em><\/p>\n<p><em>y yo en el tren como humo muerto con tantos inasibles seres,\u00a0 por tantas muertes agobiado me sent\u00ed perdido en un viaje en el que nada si movi\u00f3, sino mi coraz\u00f3n cansada.<\/em> [7]<\/p>\n<p>&nbsp;<\/p>\n<p>&nbsp;<\/p>\n<p><a href=\"http:\/\/s198833962.onlinehome.us\/julesmccue\/wp-content\/uploads\/2014\/04\/16.-Rhyparos-.jpg\"><img loading=\"lazy\" decoding=\"async\" class=\"alignnone size-medium wp-image-61\" src=\"http:\/\/s198833962.onlinehome.us\/julesmccue\/wp-content\/uploads\/2014\/04\/16.-Rhyparos--300x300.jpg\" alt=\"16. Rhyparos\" width=\"300\" height=\"300\" srcset=\"http:\/\/julesmccue.com\/wp-content\/uploads\/2014\/04\/16.-Rhyparos--300x300.jpg 300w, http:\/\/julesmccue.com\/wp-content\/uploads\/2014\/04\/16.-Rhyparos--150x150.jpg 150w, http:\/\/julesmccue.com\/wp-content\/uploads\/2014\/04\/16.-Rhyparos--904x904.jpg 904w, http:\/\/julesmccue.com\/wp-content\/uploads\/2014\/04\/16.-Rhyparos-.jpg 916w\" sizes=\"auto, (max-width: 300px) 100vw, 300px\" \/><\/a><\/p>\n<p><strong>16. Rhyparos <\/strong><\/p>\n<p><em>time writes in the ciphers of water and rock for no one at all,<\/em><\/p>\n<p><em>\u00a0<\/em><em>y que la edad escribe letras con agua y piedra para nadie, [4]<\/em><\/p>\n<p><strong>SOLD<\/strong><\/p>\n<p>&nbsp;<\/p>\n<p><a href=\"http:\/\/s198833962.onlinehome.us\/julesmccue\/wp-content\/uploads\/2014\/04\/18.-Pastose-.jpg\"><img loading=\"lazy\" decoding=\"async\" class=\"alignnone size-medium wp-image-63\" src=\"http:\/\/s198833962.onlinehome.us\/julesmccue\/wp-content\/uploads\/2014\/04\/18.-Pastose--300x300.jpg\" alt=\"18. Pastose\" width=\"300\" height=\"300\" srcset=\"http:\/\/julesmccue.com\/wp-content\/uploads\/2014\/04\/18.-Pastose--300x300.jpg 300w, http:\/\/julesmccue.com\/wp-content\/uploads\/2014\/04\/18.-Pastose--150x150.jpg 150w, http:\/\/julesmccue.com\/wp-content\/uploads\/2014\/04\/18.-Pastose--902x904.jpg 902w, http:\/\/julesmccue.com\/wp-content\/uploads\/2014\/04\/18.-Pastose-.jpg 936w\" sizes=\"auto, (max-width: 300px) 100vw, 300px\" \/><\/a><\/p>\n<p>17.\u00a0\u00a0<strong>Matiere<\/strong><\/p>\n<p><em>my penchant for loneliness&#8212;to keep to myself in the frailty of my personal whim,<\/em><\/p>\n<p><em>mi inclinaci\u00f3n a ser\u00e1 solo yo mismo en la debilidad de mis placeres,<\/em> [8]<\/p>\n<p><strong>SOLD<\/strong><\/p>\n<p>&nbsp;<\/p>\n<p>&nbsp;<\/p>\n<p><a href=\"http:\/\/s198833962.onlinehome.us\/julesmccue\/wp-content\/uploads\/2014\/04\/17.-Matiere-.jpg\"><img loading=\"lazy\" decoding=\"async\" class=\"alignnone size-medium wp-image-62\" src=\"http:\/\/s198833962.onlinehome.us\/julesmccue\/wp-content\/uploads\/2014\/04\/17.-Matiere--296x300.jpg\" alt=\"17. Matiere\" width=\"296\" height=\"300\" srcset=\"http:\/\/julesmccue.com\/wp-content\/uploads\/2014\/04\/17.-Matiere--296x300.jpg 296w, http:\/\/julesmccue.com\/wp-content\/uploads\/2014\/04\/17.-Matiere--894x904.jpg 894w, http:\/\/julesmccue.com\/wp-content\/uploads\/2014\/04\/17.-Matiere-.jpg 925w\" sizes=\"auto, (max-width: 296px) 100vw, 296px\" \/><\/a><\/p>\n<p>18.\u00a0<strong>Pastose<\/strong><\/p>\n<p><em>That is why&#8212; water on stone&#8212;my whole life has sung itself out between chance and austerity.<\/em><\/p>\n<p><em>Por eso&#8212;agua en la piedra&#8212;fue mi vida cantando\u00a0 entra la dicha y la dureza.<\/em> [8]<\/p>\n<p><strong>SOLD<\/strong><\/p>\n<p>&nbsp;<\/p>\n<p>&nbsp;<\/p>\n<p>&nbsp;<\/p>\n<p><a href=\"http:\/\/s198833962.onlinehome.us\/julesmccue\/wp-content\/uploads\/2014\/04\/19.-Bodegone-.jpg\"><img loading=\"lazy\" decoding=\"async\" class=\"alignnone size-medium wp-image-64\" src=\"http:\/\/s198833962.onlinehome.us\/julesmccue\/wp-content\/uploads\/2014\/04\/19.-Bodegone--300x297.jpg\" alt=\"19. Bodegone\" width=\"300\" height=\"297\" srcset=\"http:\/\/julesmccue.com\/wp-content\/uploads\/2014\/04\/19.-Bodegone--300x297.jpg 300w, http:\/\/julesmccue.com\/wp-content\/uploads\/2014\/04\/19.-Bodegone--150x150.jpg 150w, http:\/\/julesmccue.com\/wp-content\/uploads\/2014\/04\/19.-Bodegone--1024x1014.jpg 1024w, http:\/\/julesmccue.com\/wp-content\/uploads\/2014\/04\/19.-Bodegone--904x895.jpg 904w, http:\/\/julesmccue.com\/wp-content\/uploads\/2014\/04\/19.-Bodegone-.jpg 1028w\" sizes=\"auto, (max-width: 300px) 100vw, 300px\" \/><\/a><\/p>\n<p>19.\u00a0<strong>Bodegone<\/strong><\/p>\n<p><em>How with my soul and my tears, I have cherished your obstinate soil, your destitute bread and your peoples;<\/em><\/p>\n<p><em>Como, hasta el\u00a0 llanto, hasta el alma amo tu duro suelo, tu pan pobre, tu pueblo pobre, <\/em>[9]<\/p>\n<p><strong>SOLD<\/strong><\/p>\n<p>&nbsp;<\/p>\n<p><a href=\"http:\/\/s198833962.onlinehome.us\/julesmccue\/wp-content\/uploads\/2014\/04\/20.-Vanitas.jpg\"><img loading=\"lazy\" decoding=\"async\" class=\"alignnone size-medium wp-image-65\" src=\"http:\/\/s198833962.onlinehome.us\/julesmccue\/wp-content\/uploads\/2014\/04\/20.-Vanitas-300x296.jpg\" alt=\"20. Vanitas\" width=\"300\" height=\"296\" srcset=\"http:\/\/julesmccue.com\/wp-content\/uploads\/2014\/04\/20.-Vanitas-300x296.jpg 300w, http:\/\/julesmccue.com\/wp-content\/uploads\/2014\/04\/20.-Vanitas-1024x1013.jpg 1024w, http:\/\/julesmccue.com\/wp-content\/uploads\/2014\/04\/20.-Vanitas-904x894.jpg 904w, http:\/\/julesmccue.com\/wp-content\/uploads\/2014\/04\/20.-Vanitas.jpg 1025w\" sizes=\"auto, (max-width: 300px) 100vw, 300px\" \/><\/a><\/p>\n<p>20.\u00a0<strong>Vanitas<\/strong><\/p>\n<p><em>Bone-dry and taut, day\u2019s drum skin, a sounding opacity: that\u2019s how Spain was: an eyrie for eagles, flat- landed a silence under the thong of the weathers.<\/em><\/p>\n<p><em>Era Espa\u00f1a tirante y seca, diurno tambor de son opaco, llanura y nido de<\/em><em>\u00e1guilas, silencio de azotada intemperie.[9]<\/em><\/p>\n<p><strong>SOLD<\/strong><\/p>\n<p>&nbsp;<\/p>\n","protected":false},"excerpt":{"rendered":"<p>&nbsp; Unsold paintings still available: Jules McCue Phone: 0406664181 Adhocism Even the mountaineer came back from the mountain, from sand, sea, the mineral world, water, empty-handed, \u00a0Aun aquel que volvi\u00f3 del monte, de la arena, del mar, del mineral, del agua, con las manos vac\u00edas, [1] &nbsp; 2. Adobe &nbsp; What can I say without [&hellip;]<\/p>\n","protected":false},"author":1,"featured_media":0,"parent":0,"menu_order":2,"comment_status":"open","ping_status":"closed","template":"","meta":{"footnotes":""},"class_list":["post-5","page","type-page","status-publish","hentry","content-columns-1"],"_links":{"self":[{"href":"http:\/\/julesmccue.com\/index.php?rest_route=\/wp\/v2\/pages\/5","targetHints":{"allow":["GET"]}}],"collection":[{"href":"http:\/\/julesmccue.com\/index.php?rest_route=\/wp\/v2\/pages"}],"about":[{"href":"http:\/\/julesmccue.com\/index.php?rest_route=\/wp\/v2\/types\/page"}],"author":[{"embeddable":true,"href":"http:\/\/julesmccue.com\/index.php?rest_route=\/wp\/v2\/users\/1"}],"replies":[{"embeddable":true,"href":"http:\/\/julesmccue.com\/index.php?rest_route=%2Fwp%2Fv2%2Fcomments&post=5"}],"version-history":[{"count":6,"href":"http:\/\/julesmccue.com\/index.php?rest_route=\/wp\/v2\/pages\/5\/revisions"}],"predecessor-version":[{"id":767,"href":"http:\/\/julesmccue.com\/index.php?rest_route=\/wp\/v2\/pages\/5\/revisions\/767"}],"wp:attachment":[{"href":"http:\/\/julesmccue.com\/index.php?rest_route=%2Fwp%2Fv2%2Fmedia&parent=5"}],"curies":[{"name":"wp","href":"https:\/\/api.w.org\/{rel}","templated":true}]}}